{"id":15,"date":"2025-03-17T09:40:55","date_gmt":"2025-03-17T09:40:55","guid":{"rendered":"https:\/\/darkgrey-swan-391942.hostingersite.com\/en\/?page_id=15"},"modified":"2026-02-14T20:32:01","modified_gmt":"2026-02-14T20:32:01","slug":"contact-barcelona","status":"publish","type":"page","link":"https:\/\/www.insinuas.com\/en\/contact-barcelona\/","title":{"rendered":"Contact"},"content":{"rendered":"\n<div class=\"wp-block-group alignfull is-style-section-1 has-global-padding is-layout-constrained wp-container-core-group-is-layout-8c78a9d5 wp-block-group-is-layout-constrained is-style-section-1--1\" style=\"margin-top:0;margin-bottom:0;padding-top:var(--wp--preset--spacing--30);padding-bottom:var(--wp--preset--spacing--30)\">\n<h2 class=\"wp-block-heading alignwide has-text-align-center has-small-font-size\" style=\"letter-spacing:1px\"><strong>CONTACT | INSIN\u00daAS | BARCELONA<\/strong><br><small>Last updated: February 5, 2026<\/small><\/h2>\n<\/div>\n\n\n\n<div style=\"height:25px\" aria-hidden=\"true\" class=\"wp-block-spacer\"><\/div>\n\n\n\n<h2 class=\"wp-block-heading has-text-align-center\"><strong>About Insin\u00faas<\/strong><\/h2>\n\n\n\n<p>Insin\u00faas offers professional support and development for individuals working in adult entertainment and personal promotion in Barcelona. The goal is to provide comprehensive and professional services to help escorts, OnlyFans content creators, private event hosts, and premium models enhance their activities, always respecting privacy, safety, and well-being.<\/p>\n\n\n\n<div class=\"wp-block-group alignfull has-global-padding is-layout-constrained wp-container-core-group-is-layout-ebee8dc1 wp-block-group-is-layout-constrained\" style=\"margin-top:0;margin-bottom:0;padding-top:var(--wp--preset--spacing--50);padding-bottom:var(--wp--preset--spacing--50)\">\n<h2 class=\"wp-block-heading alignwide has-text-align-center\"><strong>Services<\/strong><\/h2>\n\n\n\n<div class=\"wp-block-columns alignwide is-layout-flex wp-container-core-columns-is-layout-28f84493 wp-block-columns-is-layout-flex\">\n<div class=\"wp-block-column is-layout-flow wp-block-column-is-layout-flow\">\n<figure class=\"wp-block-image size-full has-custom-border\" style=\"margin-bottom:24px\"><img loading=\"lazy\" decoding=\"async\" width=\"410\" height=\"696\" src=\"https:\/\/www.insinuas.com\/en\/wp-content\/uploads\/sites\/2\/2025\/06\/web-design-escorts-11.webp\" alt=\"Professional website for escorts with biography, rates, and personalized contact form.\" class=\"wp-image-500\" style=\"border-style:none;border-width:0px\" srcset=\"https:\/\/www.insinuas.com\/en\/wp-content\/uploads\/sites\/2\/2025\/06\/web-design-escorts-11.webp 410w, https:\/\/www.insinuas.com\/en\/wp-content\/uploads\/sites\/2\/2025\/06\/web-design-escorts-11-177x300.webp 177w\" sizes=\"auto, (max-width: 410px) 100vw, 410px\" \/><\/figure>\n\n\n\n<h3 class=\"wp-block-heading has-text-align-center\"><strong>Personalized promotion and marketing<\/strong><\/h3>\n\n\n\n<p class=\"has-medium-font-size\">Tailored strategies to meet individual goals, including social media management, visual content creation, and web positioning to boost visibility.<\/p>\n<\/div>\n\n\n\n<div class=\"wp-block-column is-layout-flow wp-block-column-is-layout-flow\">\n<figure class=\"wp-block-image size-full\" style=\"margin-bottom:24px\"><img loading=\"lazy\" decoding=\"async\" width=\"410\" height=\"696\" src=\"https:\/\/www.insinuas.com\/en\/wp-content\/uploads\/sites\/2\/2025\/06\/premium-escort-experience.webp\" alt=\"Unique experiences for escorts with minimalist and attractive web design for premium clients.\" class=\"wp-image-505\" srcset=\"https:\/\/www.insinuas.com\/en\/wp-content\/uploads\/sites\/2\/2025\/06\/premium-escort-experience.webp 410w, https:\/\/www.insinuas.com\/en\/wp-content\/uploads\/sites\/2\/2025\/06\/premium-escort-experience-177x300.webp 177w\" sizes=\"auto, (max-width: 410px) 100vw, 410px\" \/><\/figure>\n\n\n\n<h3 class=\"wp-block-heading has-text-align-center\">Web design and <strong>branding<\/strong> for escorts<\/h3>\n\n\n\n<p class=\"has-medium-font-size\">Development of modern websites that reflect professional personality and facilitate attracting exclusive clients, ensuring control over image and privacy.<\/p>\n<\/div>\n\n\n\n<div class=\"wp-block-column is-layout-flow wp-block-column-is-layout-flow\">\n<figure class=\"wp-block-image size-full\" style=\"margin-bottom:24px\"><img loading=\"lazy\" decoding=\"async\" width=\"410\" height=\"696\" src=\"https:\/\/www.insinuas.com\/en\/wp-content\/uploads\/sites\/2\/2025\/06\/barcelona-private-event-planning.webp\" alt=\"Luxury private event planning in Barcelona, showcasing discreet and exclusive sex group gatherings in a sophisticated setting.\" class=\"wp-image-518\" srcset=\"https:\/\/www.insinuas.com\/en\/wp-content\/uploads\/sites\/2\/2025\/06\/barcelona-private-event-planning.webp 410w, https:\/\/www.insinuas.com\/en\/wp-content\/uploads\/sites\/2\/2025\/06\/barcelona-private-event-planning-177x300.webp 177w\" sizes=\"auto, (max-width: 410px) 100vw, 410px\" \/><\/figure>\n\n\n\n<h3 class=\"wp-block-heading has-text-align-center\">Organization of <strong>private events<\/strong> in Barcelona<\/h3>\n\n\n\n<p class=\"has-medium-font-size\">Coordination of gatherings and group parties in safe, discreet, and respectful environments, ensuring the confidentiality of all involved.<\/p>\n<\/div>\n<\/div>\n<\/div>\n\n\n\n<h2 class=\"wp-block-heading has-text-align-center\"><strong>Commitment<\/strong><\/h2>\n\n\n\n<p class=\"has-medium-font-size\">We prioritize privacy and security, maintaining confidentiality in all services. Our approach is based on quality, professionalism, transparency, and clear conditions for those looking to grow and strengthen their activities.<\/p>\n\n\n\n<p class=\"has-medium-font-size\">Insin\u00faas provides tools and guidance to ensure work in this sector is recognized, valued, and can generate sustainable income.<\/p>\n\n\n\n<div style=\"height:25px\" aria-hidden=\"true\" class=\"wp-block-spacer\"><\/div>\n\n\n\n<h2 class=\"wp-block-heading has-text-align-center\"><strong>Contact<\/strong><\/h2>\n\n\n\n<div class=\"wp-block-group is-style-section-3 has-global-padding is-layout-constrained wp-container-core-group-is-layout-8bd8dac6 wp-block-group-is-layout-constrained is-style-section-3--2\" style=\"margin-top:var(--wp--preset--spacing--50);margin-bottom:var(--wp--preset--spacing--50);padding-top:var(--wp--preset--spacing--40);padding-right:var(--wp--preset--spacing--40);padding-bottom:var(--wp--preset--spacing--40);padding-left:var(--wp--preset--spacing--40)\">\n<p class=\"has-text-align-center\" style=\"font-size:clamp(4.509rem, 4.509rem + ((1vw - 0.2rem) * 8.613), 10rem);font-style:normal;font-weight:700\">YES<\/p>\n\n\n\n<p class=\"has-text-align-center con-guion-arriba\" style=\"font-style:normal;font-weight:700\">Now ask the question.<\/p>\n\n\n\n<div class=\"wp-block-buttons is-content-justification-center is-layout-flex wp-container-core-buttons-is-layout-066f2903 wp-block-buttons-is-layout-flex\" style=\"margin-bottom:0\">\n<div class=\"wp-block-button has-custom-width wp-block-button__width-100\"><a class=\"wp-block-button__link wp-element-button\" href=\"mailto:hola@insinuas.com\" style=\"border-radius:0px\"><strong>hola@insinuas.com<\/strong><\/a><\/div>\n<\/div>\n<\/div>\n","protected":false},"excerpt":{"rendered":"<p>CONTACT | INSIN\u00daAS | BARCELONALast updated: February 5, 2026 About Insin\u00faas Insin\u00faas offers professional support and development for individuals working in adult entertainment and personal promotion in Barcelona. The goal is to provide comprehensive and professional services to help escorts, OnlyFans content creators, private event hosts, and premium models enhance their activities, always respecting privacy, [&hellip;]<\/p>\n","protected":false},"author":1,"featured_media":0,"parent":0,"menu_order":0,"comment_status":"closed","ping_status":"closed","template":"page-no-title","meta":{"footnotes":""},"class_list":["post-15","page","type-page","status-publish","hentry"],"_links":{"self":[{"href":"https:\/\/www.insinuas.com\/en\/wp-json\/wp\/v2\/pages\/15","targetHints":{"allow":["GET"]}}],"collection":[{"href":"https:\/\/www.insinuas.com\/en\/wp-json\/wp\/v2\/pages"}],"about":[{"href":"https:\/\/www.insinuas.com\/en\/wp-json\/wp\/v2\/types\/page"}],"author":[{"embeddable":true,"href":"https:\/\/www.insinuas.com\/en\/wp-json\/wp\/v2\/users\/1"}],"replies":[{"embeddable":true,"href":"https:\/\/www.insinuas.com\/en\/wp-json\/wp\/v2\/comments?post=15"}],"version-history":[{"count":7,"href":"https:\/\/www.insinuas.com\/en\/wp-json\/wp\/v2\/pages\/15\/revisions"}],"predecessor-version":[{"id":595,"href":"https:\/\/www.insinuas.com\/en\/wp-json\/wp\/v2\/pages\/15\/revisions\/595"}],"wp:attachment":[{"href":"https:\/\/www.insinuas.com\/en\/wp-json\/wp\/v2\/media?parent=15"}],"curies":[{"name":"wp","href":"https:\/\/api.w.org\/{rel}","templated":true}]}}